{"id":13,"date":"2014-01-23T19:38:55","date_gmt":"2014-01-23T19:38:55","guid":{"rendered":"http:\/\/h.bewerbungsagentur.de\/?page_id=13"},"modified":"2022-01-13T18:23:40","modified_gmt":"2022-01-13T18:23:40","slug":"service","status":"publish","type":"page","link":"https:\/\/bewerbungsagentur.de\/?page_id=13","title":{"rendered":"Dienstleistungen"},"content":{"rendered":"<p><strong><span style=\"color: #b89d08;\">BUSINESS COACHING + PSYCHOLOGISCHE BERATUNG<br \/>\n<\/span><\/strong>Beruf. Karriere. Laufbahn. Mensch.<\/p>\n<p><span style=\"color: #b89d08;\"><strong>Executive-Coaching.<\/strong><\/span><\/p>\n<ul>\n<li>Den eigenen F\u00fchrungsstil erkennen, entwickeln, \u00fcberpr\u00fcfen<\/li>\n<li>Umgang mit inneren und \u00e4u\u00dferen Konflikten<\/li>\n<li>Eigene Werte entwickeln und vorleben<\/li>\n<li>Selbst- &amp; Teamf\u00fchrung<\/li>\n<li>Work-Life-Balance<\/li>\n<\/ul>\n<p><span style=\"color: #b89d08;\"><strong>Coaching.<\/strong><\/span><\/p>\n<ul>\n<li>Neuorientierung (Aufstiegsm\u00f6glichkeiten, K\u00fcndigung, Arbeitsplatzverlust, Studienabbruch, Exmatrikulation, Ausbildungsplatz, Studienwechsel)<\/li>\n<li>Profiling: Ausarbeitung Ihrer St\u00e4rken, Umgang mit Ihren Schw\u00e4chen<\/li>\n<li>Standortbestimmung<\/li>\n<li>Zielfindung<\/li>\n<li>Definieren \/ Planung der beruflichen Laufbahn<\/li>\n<li>Pers\u00f6nlichkeitsentwicklung<\/li>\n<li>L\u00f6sung von Konflikten<\/li>\n<li>Erreichen einer Work-Life-Balance<\/li>\n<\/ul>\n<ul>\n<li>Entwickeln der notwendigen interkulturellen Kompetenzen<\/li>\n<li>Bewerben mit Behinderung<\/li>\n<\/ul>\n<p><span style=\"color: #b89d08;\"><strong>BEWERBUNGSBERATUNG <\/strong><\/span><\/p>\n<p><span style=\"color: #b89d08;\"><strong>Optimierung Ihrer Bewerbungsunterlagen.<br \/>\n<\/strong><\/span>Unter Ber\u00fccksichtigung Ihrer qualifizierten Arbeitszeugnisse wird Ihre Bewerbung erstellt. Ziel ist es, die f\u00fcr die angestrebte Position wichtigen Qualifikationen herauszuarbeiten, eine ehrliche, doch nicht nachteilige Strategie in Ihrem Werdegang zu finden und so Ihre Chancen auf eine Einladung zum Vorstellungsgespr\u00e4ch zu erh\u00f6hen.<\/p>\n<p>Sie erhalten eine versandfertige Bewerbung mit individuellem Design als pdf-Dateien sowie MS-Word Versionen.<\/p>\n<p><span style=\"color: #b89d08;\"><strong>Bewerbungs-Check up.<br \/>\n<\/strong><\/span>Obwohl Sie sich in die Thematik in Bewerbungsratgebern eingelesen haben, erhalten Sie mehrheitlich Absagen? Ein Buch kann keine L\u00f6sung f\u00fcr Ihren individuellen Werdegang bieten.<\/p>\n<p>Sie haben schon mehrere Meinungen eingeholt &#8211; und unterschiedliche Einsch\u00e4tzungen bekommen? Entscheiden Sie sich f\u00fcr <u>eine<\/u> Expertise und lassen Sie Ihre Unterlagen checken! Die schriftliche Auswertung zeigt die Schw\u00e4chen auf, die zu den Absagen gef\u00fchrt haben k\u00f6nnen.<\/p>\n<p><span style=\"color: #b89d08;\"><strong>Vorstellungsgespr\u00e4chstraining \/ Selbstpr\u00e4sentation.<br \/>\n<\/strong><\/span>In individuell konzipierten Trainings f\u00fcr F\u00fchrungs- und Fachpositionen werden Sie auf die Knackpunkte Ihres beruflichen Werdegangs aufmerksam gemacht und auf ein Vorstellungsgespr\u00e4ch vorbereitet. Im Vordergrund <span style=\"color: #000000;\">steht<\/span> die Erarbeitung einer ehrlichen Strategie, deren Ziel ist, die Chancen auf ein Vertragsangebot zu erh\u00f6hen.<\/p>\n<p>Gerne erarbeite ich im Rahmen eines Coachings mit Ihnen Verbesserungsm\u00f6glichkeiten f\u00fcr Ihre Selbstpr\u00e4sentation.<\/p>\n<p><span style=\"color: #b89d08;\"><strong>Analyse Ihres qualifizierten Arbeitszeugnisses.<br \/>\n<\/strong><\/span>Ist Ihnen bewusst, wie wichtig qualifizierte Arbeitszeugnisse f\u00fcr Ihre Bewerbung sind? Ein gutes Zeugnis ist oft der Schl\u00fcssel f\u00fcr die Einladung zum Vorstellungsgespr\u00e4ch, w\u00e4hrend ein schlechtes der Grund f\u00fcr die Absage sein kann. Informieren Sie sich, was wirklich in Ihrem Zeugnis steht &#8211; bevor Sie sich bewerben.<\/p>\n<p><span style=\"color: #b89d08;\"><strong>Erstellung Ihres qualifizierten Arbeitszeugnisses.<br \/>\n<\/strong><\/span>Ihr Arbeitgeber gibt Ihnen die M\u00f6glichkeit, Ihr Zeugnis selbst zu erstellen oder vorzuformulieren? Die Wertigkeit von Zeugnissen ist h\u00f6her, wenn die aufgewendete Zeit, wenn die M\u00fche des Ausstellers deutlich wird. Eine reine Aneinanderreihung von Zeugnisbausteinen kann dem nicht gerecht werden.\u00a0 Ich erstelle Ihnen ein individuell erarbeitetes qualifiziertes Zeugnis, das sich von Zeugniserstellungsprogrammen abhebt.<\/p>\n<div class=\"neos-nodetypes-text\">\n<ul>\n<li><\/li>\n<\/ul>\n<\/div>\n","protected":false},"excerpt":{"rendered":"<p>BUSINESS COACHING + PSYCHOLOGISCHE BERATUNG Beruf. Karriere. Laufbahn. Mensch. Executive-Coaching. Den eigenen F\u00fchrungsstil erkennen, entwickeln, \u00fcberpr\u00fcfen Umgang mit inneren und \u00e4u\u00dferen Konflikten Eigene Werte entwickeln&#8230;<\/p>\n<div class=\"more-link-wrapper\"><a class=\"more-link\" href=\"https:\/\/bewerbungsagentur.de\/?page_id=13\">Weiterlesen<span class=\"screen-reader-text\">Dienstleistungen<\/span><\/a><\/div>\n","protected":false},"author":2,"featured_media":0,"parent":0,"menu_order":0,"comment_status":"closed","ping_status":"closed","template":"","meta":{"iawp_total_views":450,"footnotes":""},"class_list":["post-13","page","type-page","status-publish","hentry","entry"],"_links":{"self":[{"href":"https:\/\/bewerbungsagentur.de\/index.php?rest_route=\/wp\/v2\/pages\/13","targetHints":{"allow":["GET"]}}],"collection":[{"href":"https:\/\/bewerbungsagentur.de\/index.php?rest_route=\/wp\/v2\/pages"}],"about":[{"href":"https:\/\/bewerbungsagentur.de\/index.php?rest_route=\/wp\/v2\/types\/page"}],"author":[{"embeddable":true,"href":"https:\/\/bewerbungsagentur.de\/index.php?rest_route=\/wp\/v2\/users\/2"}],"replies":[{"embeddable":true,"href":"https:\/\/bewerbungsagentur.de\/index.php?rest_route=%2Fwp%2Fv2%2Fcomments&post=13"}],"version-history":[{"count":2,"href":"https:\/\/bewerbungsagentur.de\/index.php?rest_route=\/wp\/v2\/pages\/13\/revisions"}],"predecessor-version":[{"id":1522,"href":"https:\/\/bewerbungsagentur.de\/index.php?rest_route=\/wp\/v2\/pages\/13\/revisions\/1522"}],"wp:attachment":[{"href":"https:\/\/bewerbungsagentur.de\/index.php?rest_route=%2Fwp%2Fv2%2Fmedia&parent=13"}],"curies":[{"name":"wp","href":"https:\/\/api.w.org\/{rel}","templated":true}]}}