{"id":16,"date":"2014-01-23T19:40:22","date_gmt":"2014-01-23T19:40:22","guid":{"rendered":"http:\/\/h.bewerbungsagentur.de\/?page_id=16"},"modified":"2014-01-23T19:40:22","modified_gmt":"2014-01-23T19:40:22","slug":"impressum","status":"publish","type":"page","link":"https:\/\/bewerbungsagentur.de\/?page_id=16","title":{"rendered":"Impressum"},"content":{"rendered":"<div><\/div>\n<div id=\"u525\" style=\"text-align: center;\">Bewerbungsagentur Birgit Brenzinger<\/div>\n<p style=\"text-align: center;\"><strong>www.Bewerbungsagentur.de<\/strong><\/p>\n<p style=\"text-align: center;\">\u00a0<strong><a href=\"mailto:info@bewerbungsagentur.de\">info@Bewerbungsagentur.de<br \/>\n<\/a><\/strong><b>Gesch\u00e4ftsf\u00fchrung: Birgit Brenzinger<\/b><\/p>\n<p style=\"text-align: center;\">Fuchsf. 15<br \/>\n68229 Mannheim<\/p>\n<p style=\"text-align: center;\"><a href=\"tel:062181099606\"><strong>Fon<\/strong><b>: <\/b>0621 &#8211; 81 099 606<br \/>\n<\/a><a href=\"tel:015234523106\"><b>Mobil:<\/b> 0152 &#8211; 345 23 106<\/a><\/p>\n<p style=\"text-align: center;\">USt-IdNr.: DE194474528<\/p>\n<p><b>Haftungsausschluss (Disclaimer)<\/b><\/p>\n<p><strong>Hinweis: <\/strong><br \/>\nCoaching und systemische Aufstellungen stellen keine Heilkunde dar und sind kein ausreichender Ersatz f\u00fcr medizinische oder psychotherapeutische Behandlungen. Sie sind als Gesundheits- und Lebensberatung zu verstehen und dienen nicht der Behandlung und Heilung von Krankheiten. Bei gesundheitlichen Beschwerden oder Krankheiten sollte daher eine medizinische oder psychotherapeutische Behandlung, also die Hilfe eines Arztes, Heilpraktikers oder Psychotherapeuten in Anspruch genommen werden.<br \/>\nW\u00e4hrend Systemische Aufstellungen, Begleitende Kinesiologie und Coaching nach Meinung einer Vielzahl von Wissenschaftlern, ganzheitlich orientierten \u00c4rzten, Heilpraktikern und Psychotherapeuten also als Erg\u00e4nzung bzw. Unterst\u00fctzung einer medizinischen oder psychotherapeutischen Behandlung zur Linderung von gesundheitlichen Beschwerden, Krankheiten oder Stress beitragen kann, ist sie in ihrer therapeutischen Wirksamkeit nicht durch gesicherte wissenschaftliche Erkenntnisse belegt und kein geeignetes Mittel zur Diagnose im Sinne der Schulmedizin.<\/p>\n<div id=\"u525\" style=\"text-align: center;\">Datenschutzerkl\u00e4rung<\/div>\n<p>Verantwortliche Stelle im Sinne der Datenschutzgesetze, insbesondere der EU-Datenschutzgrundverordnung (DSGVO), ist:<\/p>\n<p>Bewerbungsagentur.de<\/p>\n<h2>Ihre Betroffenenrechte<\/h2>\n<p>Unter den angegebenen Kontaktdaten unseres Datenschutzbeauftragten k\u00f6nnen Sie jederzeit folgende Rechte aus\u00fcben:<\/p>\n<ul>\n<li>Auskunft \u00fcber Ihre bei uns gespeicherten Daten und deren Verarbeitung,<\/li>\n<li>Berichtigung unrichtiger personenbezogener Daten,<\/li>\n<li>L\u00f6schung Ihrer bei uns gespeicherten Daten,<\/li>\n<li>Einschr\u00e4nkung der Datenverarbeitung, sofern wir Ihre Daten aufgrund gesetzlicher Pflichten noch nicht l\u00f6schen d\u00fcrfen,<\/li>\n<li>Widerspruch gegen die Verarbeitung Ihrer Daten bei uns und<\/li>\n<li>Daten\u00fcbertragbarkeit, sofern Sie in die Datenverarbeitung eingewilligt haben oder einen Vertrag mit uns abgeschlossen haben.<\/li>\n<\/ul>\n<p>Sofern Sie uns eine Einwilligung erteilt haben, k\u00f6nnen Sie diese jederzeit mit Wirkung f\u00fcr die Zukunft widerrufen.<\/p>\n<p>Sie k\u00f6nnen sich jederzeit mit einer Beschwerde an die f\u00fcr Sie zust\u00e4ndige Aufsichtsbeh\u00f6rde wenden. Ihre zust\u00e4ndige Aufsichtsbeh\u00f6rde richtet sich nach dem Bundesland Ihres Wohnsitzes, Ihrer Arbeit oder der mutma\u00dflichen Verletzung. Eine Liste der Aufsichtsbeh\u00f6rden (f\u00fcr den nicht\u00f6ffentlichen Bereich) mit Anschrift finden Sie unter: <a href=\"https:\/\/www.bfdi.bund.de\/DE\/Infothek\/Anschriften_Links\/anschriften_links-node.html\" target=\"_blank\" rel=\"noopener\">https:\/\/www.bfdi.bund.de\/DE\/Infothek\/Anschriften_Links\/anschriften_links-node.html<\/a>.<\/p>\n<h2>Zwecke der Datenverarbeitung durch die verantwortliche Stelle und Dritte<\/h2>\n<p>Wir verarbeiten Ihre personenbezogenen Daten nur zu den in dieser Datenschutzerkl\u00e4rung genannten Zwecken. Eine \u00dcbermittlung Ihrer pers\u00f6nlichen Daten an Dritte zu anderen als den genannten Zwecken findet nicht statt. Wir geben Ihre pers\u00f6nlichen Daten nur an Dritte weiter, wenn:<\/p>\n<ul>\n<li>Sie Ihre ausdr\u00fcckliche Einwilligung dazu erteilt haben,<\/li>\n<li>die Verarbeitung zur Abwicklung eines Vertrags mit Ihnen erforderlich ist,<\/li>\n<li>die Verarbeitung zur Erf\u00fcllung einer rechtlichen Verpflichtung erforderlich ist,<\/li>\n<\/ul>\n<p>die Verarbeitung zur Wahrung berechtigter Interessen erforderlich ist und kein Grund zur Annahme besteht, dass Sie ein \u00fcberwiegendes schutzw\u00fcrdiges Interesse an der Nichtweitergabe Ihrer Daten haben.<\/p>\n<h2>L\u00f6schung bzw. Sperrung der Daten<\/h2>\n<p>Wir halten uns an die Grunds\u00e4tze der Datenvermeidung und Datensparsamkeit. Wir speichern Ihre personenbezogenen Daten daher nur so lange, wie dies zur Erreichung der hier genannten Zwecke erforderlich ist oder wie es die vom Gesetzgeber vorgesehenen vielf\u00e4ltigen Speicherfristen vorsehen. Nach Fortfall des jeweiligen Zweckes bzw. Ablauf dieser Fristen werden die entsprechenden Daten routinem\u00e4\u00dfig und entsprechend den gesetzlichen Vorschriften gesperrt oder gel\u00f6scht.<\/p>\n<h2>Kommentarfunktion<\/h2>\n<p>Wenn Nutzer Kommentare auf unserer Website hinterlassen, werden neben diesen Angaben auch der Zeitpunkt ihrer Erstellung und die IP Adresse gespeichert. Kommentare werden erst nach Pr\u00fcfung freigegeben. Dies dient unserer Sicherheit, da wir f\u00fcr widerrechtliche Inhalte auf unserer Webseite belangt werden k\u00f6nnen, auch wenn diese durch Benutzer erstellt wurden.<\/p>\n<h2>Verwendung von Google Maps<\/h2>\n<p>Diese Webseite verwendet Google Maps API, um geographische Informationen visuell darzustellen. Bei der Nutzung von Google Maps werden von Google auch Daten \u00fcber die Nutzung der Kartenfunktionen durch Besucher erhoben, verarbeitet und genutzt. N\u00e4here Informationen \u00fcber die Datenverarbeitung durch Google k\u00f6nnen Sie <a href=\"http:\/\/www.google.com\/privacypolicy.html\" target=\"_blank\" rel=\"noopener\">den Google-Datenschutzhinweisen<\/a> entnehmen. Dort k\u00f6nnen Sie im Datenschutzcenter auch Ihre pers\u00f6nlichen Datenschutz-Einstellungen ver\u00e4ndern.<\/p>\n<p>Ausf\u00fchrliche Anleitungen zur Verwaltung der eigenen Daten im Zusammenhang mit Google-Produkten<a href=\"http:\/\/www.dataliberation.org\/\" target=\"_blank\" rel=\"noopener\"> finden Sie hier<\/a>.<\/p>\n<h2><strong>\u00c4nderung unserer Datenschutzbestimmungen<\/strong><\/h2>\n<p>Wir behalten uns vor, diese Datenschutzerkl\u00e4rung anzupassen, damit sie stets den aktuellen rechtlichen Anforderungen entspricht oder um \u00c4nderungen unserer Leistungen in der Datenschutzerkl\u00e4rung umzusetzen, z.B. bei der Einf\u00fchrung neuer Services. F\u00fcr Ihren erneuten Besuch gilt dann die neue Datenschutzerkl\u00e4rung.<\/p>\n<h2><strong>Fragen an den Datenschutzbeauftragten<\/strong><\/h2>\n<p>Wenn Sie Fragen zum Datenschutz haben, schreiben Sie uns bitte eine E-Mail oder wenden Sie sich direkt an die f\u00fcr den Datenschutz verantwortliche Person in unserer Organisation:<\/p>\n<p><em>Die Datenschutzerkl\u00e4rung wurde mit dem <\/em><a href=\"https:\/\/www.activemind.de\/datenschutz\/datenschutzhinweis-generator\/\" target=\"_blank\" rel=\"noopener\"><em>Datenschutzerkl\u00e4rungs-Generator der activeMind AG erstellt<\/em><\/a><em>.<\/em><\/p>\n","protected":false},"excerpt":{"rendered":"<p>Bewerbungsagentur Birgit Brenzinger www.Bewerbungsagentur.de \u00a0info@Bewerbungsagentur.de Gesch\u00e4ftsf\u00fchrung: Birgit Brenzinger Fuchsf. 15 68229 Mannheim Fon: 0621 &#8211; 81 099 606 Mobil: 0152 &#8211; 345 23 106 USt-IdNr.:&#8230;<\/p>\n<div class=\"more-link-wrapper\"><a class=\"more-link\" href=\"https:\/\/bewerbungsagentur.de\/?page_id=16\">Weiterlesen<span class=\"screen-reader-text\">Impressum<\/span><\/a><\/div>\n","protected":false},"author":2,"featured_media":0,"parent":0,"menu_order":0,"comment_status":"closed","ping_status":"closed","template":"","meta":{"iawp_total_views":310,"footnotes":""},"class_list":["post-16","page","type-page","status-publish","hentry","entry"],"_links":{"self":[{"href":"https:\/\/bewerbungsagentur.de\/index.php?rest_route=\/wp\/v2\/pages\/16","targetHints":{"allow":["GET"]}}],"collection":[{"href":"https:\/\/bewerbungsagentur.de\/index.php?rest_route=\/wp\/v2\/pages"}],"about":[{"href":"https:\/\/bewerbungsagentur.de\/index.php?rest_route=\/wp\/v2\/types\/page"}],"author":[{"embeddable":true,"href":"https:\/\/bewerbungsagentur.de\/index.php?rest_route=\/wp\/v2\/users\/2"}],"replies":[{"embeddable":true,"href":"https:\/\/bewerbungsagentur.de\/index.php?rest_route=%2Fwp%2Fv2%2Fcomments&post=16"}],"version-history":[{"count":0,"href":"https:\/\/bewerbungsagentur.de\/index.php?rest_route=\/wp\/v2\/pages\/16\/revisions"}],"wp:attachment":[{"href":"https:\/\/bewerbungsagentur.de\/index.php?rest_route=%2Fwp%2Fv2%2Fmedia&parent=16"}],"curies":[{"name":"wp","href":"https:\/\/api.w.org\/{rel}","templated":true}]}}