{"id":33,"date":"2014-01-23T20:41:03","date_gmt":"2014-01-23T20:41:03","guid":{"rendered":"http:\/\/h.bewerbungsagentur.de\/?page_id=33"},"modified":"2022-01-29T21:22:03","modified_gmt":"2022-01-29T21:22:03","slug":"ich-uber-mich","status":"publish","type":"page","link":"https:\/\/bewerbungsagentur.de\/?page_id=33","title":{"rendered":"\u00dcber mich"},"content":{"rendered":"<p><img loading=\"lazy\" decoding=\"async\" class=\"size-medium wp-image-674 aligncenter\" src=\"https:\/\/bewerbungsagentur.de\/wp-content\/uploads\/2014\/01\/5685-300x200.jpg\" alt=\"\" width=\"300\" height=\"200\" srcset=\"https:\/\/bewerbungsagentur.de\/wp-content\/uploads\/2014\/01\/5685-300x200.jpg 300w, https:\/\/bewerbungsagentur.de\/wp-content\/uploads\/2014\/01\/5685-1024x684.jpg 1024w, https:\/\/bewerbungsagentur.de\/wp-content\/uploads\/2014\/01\/5685-768x513.jpg 768w, https:\/\/bewerbungsagentur.de\/wp-content\/uploads\/2014\/01\/5685-1536x1025.jpg 1536w, https:\/\/bewerbungsagentur.de\/wp-content\/uploads\/2014\/01\/5685-2048x1367.jpg 2048w\" sizes=\"auto, (max-width: 300px) 100vw, 300px\" \/><\/p>\n<p>Im Juni 1998 gr\u00fcndete Birgit Brenzinger die <strong>erste\u00a0Bewerbungsagentur Deutschlands<\/strong>. Ihr Know-how basiert auf fast <strong>10-j\u00e4hriger Berufserfahrung<\/strong> &#8211; zun\u00e4chst im deutschlandweit zust\u00e4ndigen Bereich Aus- und Fortbildung der Asea Brown Boveri AG in Mannheim (Personalentwicklung), dann im Bereich F\u00fchrungspersonal der ABB Holding. Dar\u00fcber hinaus verf\u00fcgt Frau Brenzinger \u00fcber die <strong>Zertifizierung zum Business Coach (Hochschule Kempten)<\/strong> und die <strong>Zertifizierung zum Psychologischen Berater (QRC).\u00a0<\/strong><\/p>\n<p>Die Schwerpunkte liegen in folgenden Bereichen:<\/p>\n<ul>\n<li><strong>Business und Personal Coaching von Fach- und F\u00fchrungskr\u00e4ften<\/strong><\/li>\n<li><strong>Bewerbungsberatung und -training<\/strong><\/li>\n<\/ul>\n<p>Das Coaching erfolgt mit wissenschaftlich fundierten Methoden. H\u00e4ufige Themen im beruflichen Kontext sind <strong>Ver\u00e4nderungsprozesse, Pers\u00f6nlichkeitsentwicklung, F\u00fchrung, das Einleiten eines Richtungswechsels, eine h\u00f6here Lebenszufriedenheit, die Definition des eigenen Karriereziels, Entscheidungsfindungen, Umgang mit schwierigen Situationen, inneren Konflikten<\/strong> &#8211; dann, wenn <u>Sie<\/u> der Auffassung sind, Unterst\u00fctzung zu brauchen.<\/p>\n<p>Ihr Aufgabengebiet in der Personalentwicklung legte den Grundstein f\u00fcr ein sowohl breites als auch tiefgehendes Fachwissen in allen Fragen rund um den Beruf:<\/p>\n<ul>\n<li style=\"text-align: left;\" type=\"square\"><strong>F\u00fchrungskr\u00e4fteentwicklung<\/strong><\/li>\n<li style=\"text-align: left;\" type=\"square\"><b>Direkteinstieg \/ Training on the job<\/b><\/li>\n<li style=\"text-align: left;\" type=\"square\"><strong>Traineeprogramme<\/strong><\/li>\n<li style=\"text-align: left;\" type=\"square\"><strong>Berufsakademie-Studieng\u00e4nge<\/strong><\/li>\n<li style=\"text-align: left;\" type=\"square\"><strong>Ausbildungspl\u00e4tze<\/strong><\/li>\n<li style=\"text-align: left;\" type=\"square\"><strong>Praktika im In- und Ausland<\/strong><\/li>\n<li style=\"text-align: left;\" type=\"square\"><strong>Firmeninterne F\u00f6rderungsprogramme (Stipendien)<\/strong><\/li>\n<\/ul>\n<p>Das F\u00fchren von <strong>Vorstellungsgespr\u00e4chen<\/strong> und die Vorbereitung der <strong>Assessment-<\/strong><span style=\"color: #000000;\"><strong>Center<\/strong> runden ihre Insider-Kenntnisse ab. Mit<\/span> der fr\u00fchen Mitarbeit im elterlichen mittelst\u00e4ndischen Handwerksbetrieb kennt sie auch bestens die Auswahlkriterien dieser Branche.<\/p>\n<p>Ihre Kunden kommen aus den unterschiedlichsten Berufszweigen aller Ebenen, sind<strong>\u00a0Berufst\u00e4tige, Studenten, Auszubildende, Sch\u00fcler, Arbeitssuchende<\/strong>&#8230; Jeder mit seinem individuellen Berufswunsch mit oder ohne entsprechende Erfahrung. Oft auch <strong>F\u00fchrungskr\u00e4fte<\/strong>, die eine kompetente Beratung w\u00fcnschen.<\/p>\n<p>Sehr viele Kunden haben <strong>in k\u00fcrzester Zeit Einladungen zu Vorstellungsgespr\u00e4chen &#8211;<\/strong>\u00a0die meisten dann auch Stellenangebote &#8211; erhalten. Darunter die\u00a0<strong>SAP AG, BASF SE, Siemens AG, ABB AG, MacKinsey &amp; Company, Kienbaum Consulting, Deutsche Telekom AG, Joseph V\u00f6gele AG, John Deere GmbH &amp; Co. KG, E. Breuninger GmbH &amp; Co., zara, engelhorn KGaA, Deutsche Bahn AG, IKEA, Deere &amp; Company, Givaudan Suisse SA, MLP Finanzdienstleistungen AG, Heidelberger Druckmaschinen, Aldi, SWR, hr, Pro 7, <\/strong><strong>s\u00e4mtliche Premiumunternehmen der Automobilbranche wie Porsche, RollceRoyce, Bentley, Daimler, BMW&#8230;,<\/strong>\u00a0aber auch viele mittelst\u00e4ndische Unternehmen und Kleinbetriebe der unterschiedlichsten Branchen.\u00a0<span style=\"color: #000000;\">Manche Kunden erhielten ein Stellenangebot von einem Unternehmen, das ihnen bei einer fr\u00fcheren selbst erstellten Bewerbung eine Absage erteilt hatte.<\/span><\/p>\n<p><span style=\"color: #000000;\">Sogar bei Bewerbungen auf Positionen, die einen Hochschulabschluss voraussetzten, ist es schon gelungen Kunden ohne diesen Abschluss &#8211; jedoch mit entsprechender Berufserfahrung und Expertise &#8211; zu einem Karrieresprung zu verhelfen. Eine gelungene Selbstpr\u00e4sentation oder ein Vorstellungsgespr\u00e4chstraining bereitet auf das gestiegene Anforderungsprofil vor.<br \/>\n<\/span><\/p>\n<p>Mit Feingef\u00fchl und Empathie gelingt ihr die zielf\u00fchrende Optimierung der Unterlagen von <strong>Menschen mit schwierigen oder nicht gerade verlaufenden Lebenswegen<\/strong>. Ihr Ziel ist, eine ehrliche Strategie zu finden, die die Chancen auf eine Einladung erh\u00f6ht. Dabei steht immer der Mensch im Mittelpunkt.<\/p>\n<p><span style=\"color: #000000;\">F\u00fcr <b>ausl\u00e4ndische Bewerber <\/b>ist es ganz besonders wichtig Hintergrundinformationen zu den g\u00e4ngigen Auswahlverfahren in Deutschland zu bekommen. Kulturelle Unterschiede k\u00f6nnen zu gravierenden Missverst\u00e4ndnissen f\u00fchren und sollten vermieden werden. Alle relevanten Informationen m\u00fcssen aus den Bewerbungen hervorgehen, doch oft f\u00e4llt es Bewerbern schwer zu beurteilen, welche das sind. \u00a0<\/span><\/p>\n<p>Auch die M\u00f6glichkeit der <strong>Zeugniserstellung bzw. -analyse\u00a0<\/strong>spielt eine Rolle, denn ein schlechtes <strong>Arbeitszeugnis<\/strong>, das der Bewerbung beiliegt, ist oft der Grund f\u00fcr eine Absage, ohne dass dies der Bewerber nachvollziehen kann.<\/p>\n<p>Das bew\u00e4hrte Konzept beruht auf einer vertrauensvollen und effektiven Zusammenarbeit mit den Klienten:<\/p>\n<p style=\"text-align: justify;\"><strong>Kurzfristig, professionell, zuverl\u00e4ssig.<\/strong><\/p>\n<p><span style=\"color: #000000;\">Birgit Brenzinger freut sich auf Ihre Kontaktaufnahme, rufen Sie einfach an!<\/span><\/p>\n","protected":false},"excerpt":{"rendered":"<p>Im Juni 1998 gr\u00fcndete Birgit Brenzinger die erste\u00a0Bewerbungsagentur Deutschlands. Ihr Know-how basiert auf fast 10-j\u00e4hriger Berufserfahrung &#8211; zun\u00e4chst im deutschlandweit zust\u00e4ndigen Bereich Aus- und Fortbildung&#8230;<\/p>\n<div class=\"more-link-wrapper\"><a class=\"more-link\" href=\"https:\/\/bewerbungsagentur.de\/?page_id=33\">Weiterlesen<span class=\"screen-reader-text\">\u00dcber mich<\/span><\/a><\/div>\n","protected":false},"author":2,"featured_media":0,"parent":0,"menu_order":0,"comment_status":"closed","ping_status":"closed","template":"","meta":{"iawp_total_views":707,"footnotes":""},"class_list":["post-33","page","type-page","status-publish","hentry","entry"],"_links":{"self":[{"href":"https:\/\/bewerbungsagentur.de\/index.php?rest_route=\/wp\/v2\/pages\/33","targetHints":{"allow":["GET"]}}],"collection":[{"href":"https:\/\/bewerbungsagentur.de\/index.php?rest_route=\/wp\/v2\/pages"}],"about":[{"href":"https:\/\/bewerbungsagentur.de\/index.php?rest_route=\/wp\/v2\/types\/page"}],"author":[{"embeddable":true,"href":"https:\/\/bewerbungsagentur.de\/index.php?rest_route=\/wp\/v2\/users\/2"}],"replies":[{"embeddable":true,"href":"https:\/\/bewerbungsagentur.de\/index.php?rest_route=%2Fwp%2Fv2%2Fcomments&post=33"}],"version-history":[{"count":5,"href":"https:\/\/bewerbungsagentur.de\/index.php?rest_route=\/wp\/v2\/pages\/33\/revisions"}],"predecessor-version":[{"id":1535,"href":"https:\/\/bewerbungsagentur.de\/index.php?rest_route=\/wp\/v2\/pages\/33\/revisions\/1535"}],"wp:attachment":[{"href":"https:\/\/bewerbungsagentur.de\/index.php?rest_route=%2Fwp%2Fv2%2Fmedia&parent=33"}],"curies":[{"name":"wp","href":"https:\/\/api.w.org\/{rel}","templated":true}]}}